{"id":54,"date":"2017-11-21T16:03:27","date_gmt":"2017-11-21T16:03:27","guid":{"rendered":"http:\/\/horrido-attendorn.de\/?page_id=54"},"modified":"2022-12-30T16:46:08","modified_gmt":"2022-12-30T15:46:08","slug":"proben","status":"publish","type":"page","link":"https:\/\/horrido-attendorn.de\/?page_id=54","title":{"rendered":"Proben"},"content":{"rendered":"<p>Die Proben des Bl\u00e4serkorps finden jeden Donnerstag au\u00dferhalb der Ferien von 19.00 &#8211; 20.30 Uhr in den R\u00e4umlichkeiten des Rivius Gymnasiums statt.<\/p>\n<p>Adresse:<br \/>\n<span class=\"_Xbe\">Westwall 48, 57439 Attendorn<\/span><\/p>\n","protected":false},"excerpt":{"rendered":"<p>Die Proben des Bl\u00e4serkorps finden jeden Donnerstag au\u00dferhalb der Ferien von 19.00 &#8211; 20.30 Uhr in den R\u00e4umlichkeiten des Rivius Gymnasiums statt. Adresse: Westwall 48, 57439 Attendorn<\/p>\n","protected":false},"author":1,"featured_media":0,"parent":0,"menu_order":0,"comment_status":"closed","ping_status":"closed","template":"","meta":{"footnotes":""},"class_list":["post-54","page","type-page","status-publish","hentry"],"_links":{"self":[{"href":"https:\/\/horrido-attendorn.de\/index.php?rest_route=\/wp\/v2\/pages\/54","targetHints":{"allow":["GET"]}}],"collection":[{"href":"https:\/\/horrido-attendorn.de\/index.php?rest_route=\/wp\/v2\/pages"}],"about":[{"href":"https:\/\/horrido-attendorn.de\/index.php?rest_route=\/wp\/v2\/types\/page"}],"author":[{"embeddable":true,"href":"https:\/\/horrido-attendorn.de\/index.php?rest_route=\/wp\/v2\/users\/1"}],"replies":[{"embeddable":true,"href":"https:\/\/horrido-attendorn.de\/index.php?rest_route=%2Fwp%2Fv2%2Fcomments&post=54"}],"version-history":[{"count":4,"href":"https:\/\/horrido-attendorn.de\/index.php?rest_route=\/wp\/v2\/pages\/54\/revisions"}],"predecessor-version":[{"id":422,"href":"https:\/\/horrido-attendorn.de\/index.php?rest_route=\/wp\/v2\/pages\/54\/revisions\/422"}],"wp:attachment":[{"href":"https:\/\/horrido-attendorn.de\/index.php?rest_route=%2Fwp%2Fv2%2Fmedia&parent=54"}],"curies":[{"name":"wp","href":"https:\/\/api.w.org\/{rel}","templated":true}]}}